{"id":9,"date":"2013-10-31T00:46:21","date_gmt":"2013-10-30T23:46:21","guid":{"rendered":"http:\/\/econoclaste.eu\/econoclaste\/?page_id=9"},"modified":"2025-03-06T21:35:03","modified_gmt":"2025-03-06T20:35:03","slug":"qui-sommes-nous","status":"publish","type":"page","link":"https:\/\/econoclaste.eu\/econoclaste\/qui-sommes-nous\/","title":{"rendered":"Qui sommes nous ?"},"content":{"rendered":"<h3 style=\"text-align: center;\">Les tenanciers<\/h3>\n<p><span style=\"padding-left: 16%;\"><br \/>\n<\/span><strong><a class=\"lien-bleu\" style=\"font-size: 0.875rem&quot;;\" href=\"https:\/\/econoclaste.eu\/econoclaste\/?page_id=4695\"><span style=\"padding-left: 13%; text-align: center;\">Alexandre Delaigue<\/span><\/a><a class=\"lien-bleu\" style=\"font-size: 0.875rem&quot;;\" href=\"https:\/\/econoclaste.eu\/econoclaste\/?page_id=4698\"><span style=\"padding-left: 27%; text-align: center;\">St\u00e9phane M\u00e9nia<\/span><\/a><\/strong><\/p>\n<h3 style=\"text-align: center;\">\u00c0 propos de ce site<\/h3>\n<p>Pourquoi avons-nous cr\u00e9\u00e9 ce site ? Parce que nous aimons cette \u00ab\u00a0science lugubre\u00a0\u00bb qu&rsquo;est l&rsquo;\u00c9conomie (ou l&rsquo;\u00c9conomie politique ou la Science \u00e9conomique, nous ne nous formalisons gu\u00e8re sur le nom qu&rsquo;on lui donne ; la plupart des th\u00e8mes nous int\u00e9ressent, nous pr\u00e9f\u00e9rons employer le terme \u00c9conomie sans plus de d\u00e9tail). A nos yeux, outre le fait que cette discipline concerne tout un chacun, elle est intellecuellement stimulante. Nous n&#8217;emploierons pas le terme de \u00ab\u00a0ludique\u00a0\u00bb, qui pourrait \u00eatre mal interpr\u00e9t\u00e9 par certaines personnes r\u00e9ellement lugubres elles, mais c&rsquo;est pourtant un aspect important dans notre approche. Certaines rubriques de notre site sont d&rsquo;ailleurs assez explicites sur ce point. L&rsquo;\u00c9conomie autorise une rigueur certaine dans le raisonnement. Et de par sa jeunesse relative, son caract\u00e8re humain et sa complexit\u00e9, elle laisse \u00e0 l&rsquo;imagination et la nuance une place de choix, que nous appr\u00e9cions plus que ne la regrettons. \u00c9videmment, ce qui d&rsquo;un point de vue individuel est passionant et amusant peut \u00eatre regrettable dans une perspective sociale. Des questions comme l&rsquo;\u00e9radication de la pauvret\u00e9 \u00e9conomique m\u00e9riteraient plus de certitudes, plus de solutions \u00e9videntes, que nous n&rsquo;avons pas gr\u00e2ce \u00e0 l&rsquo;\u00c9conomie.<\/p>\n<p>Ce qui nous conduit \u00e0 parler de politique. L&rsquo;\u00c9conomie est-elle politique ? Nous pensons que oui. Mais pas n&rsquo;importe comment. Soustraire les questions politiques de l&rsquo;analyse \u00e9conomique nous para\u00eet justifi\u00e9 dans certains cas, moins dans d&rsquo;autres. Fondamentalement, nous sommes partisans d&rsquo;une analyse r\u00e9ductionniste de l&rsquo;\u00c9conomie, ayant pour objectif de simplifier la r\u00e9alit\u00e9 pour tenter de repr\u00e9senter des m\u00e9canismes \u00e9conomiques plus ou moins g\u00e9n\u00e9raux. Mais nous ne pensons pas que le r\u00e9ductionnisme est une fin en soi et nous ne cautionnons pas toutes les pratiques r\u00e9ductionnistes. En particulier celles qui laissent de c\u00f4t\u00e9 certaines dimensions politiques essentielles dans la compr\u00e9hension d&rsquo;un ph\u00e9nom\u00e8ne et celles qui, sous couvert de scientificit\u00e9, imposent des conclusions politiques pr\u00e9sent\u00e9es comme indiscutables.<\/p>\n<p>Ceci nous m\u00e8ne \u00e0 \u00e9voquer la place des math\u00e9matiques en \u00c9conomie. Elles sont selon nous un outil puissant. Mais nous n&rsquo;en faisons pas une religion. Des auteurs qui en usent peu peuvent fournir des grilles d&rsquo;analyse int\u00e9ressantes. Et des \u00e9conomistes qui ne font que des maths peuvent produire des travaux de mauvaise qualit\u00e9. A notre sens, le bon \u00e9conomiste est celui qui commence par formuler plus ou moins math\u00e9matiquement sa th\u00e9orie et passe au langage courant lorsque son mod\u00e8le math\u00e9matique est visiblement limit\u00e9 pour aider \u00e0 comprendre le sujet trait\u00e9. D&rsquo;o\u00f9 finalement un certain \u00e9clectisme dans nos vues sur l&rsquo;\u00c9conomie (et accessoirement, le jeu de mots facile qui sert de nom \u00e0 notre site).<\/p>\n<p>Pour diff\u00e9rentes raisons, aucun de nous n&rsquo;est chercheur, \u00e0 ce jour en tout cas, en \u00c9conomie. N\u00e9anmoins, nous soutenons l&rsquo;approche acad\u00e9mique de l&rsquo;\u00c9conomie. Nous rejettons les attitudes populistes consistant \u00e0 dire que les \u00e9conomistes (m\u00eame ceux de l&rsquo;OCDE et du FMI ou de la Banque Mondiale) sont confin\u00e9s dans leur tour d&rsquo;ivoire et ne se soucient pas du monde qu&rsquo;ils sont cens\u00e9s d\u00e9crire. Cela peut \u00eatre vrai pour certains, mais ce n&rsquo;est pas une caract\u00e9ristique propre \u00e0 tous les \u00e9conomistes.<\/p>\n<p>Mais soutenir une d\u00e9marche acad\u00e9mique ne signifie en rien que cette d\u00e9marche n&rsquo;est pas \u00e0 partager. Et c&rsquo;est pourquoi nous avons cr\u00e9\u00e9 ce site. Nous ne nous adressons pas \u00e0 un public particulier. L&rsquo;objectif de vulgarisation est omnipr\u00e9sent. Pourtant nous ne souhaitons pas faire d&rsquo;Econoclaste un site pour les \u00e9tudiants chasseurs d&rsquo;aides aux devoirs et autres corrig\u00e9s cl\u00e9s en main. D&rsquo;autres sites le font. Nous esp\u00e9rons plut\u00f4t pouvoir contribuer modestement \u00e0 la culture \u00e9conomique des citoyens qui se perdront un jour chez nous, et \u00e0 approfondir la n\u00f4tre. Pour cela, nous tentons de ne pas faire de concessions sur la solidit\u00e9 de notre approche. Car, comme le disait en substance John Maynard Keynes, l&rsquo;\u00c9conomie est une discipline complexe, mais peu de gens le savent.<\/p>\n<p>Nous ne pr\u00e9tendons pas \u00e0 la perfection. Mais nous laissons de c\u00f4t\u00e9 la modestie face \u00e0 ceux qui se parent de certitudes, l\u00e0 o\u00f9 une attitude plus nuanc\u00e9e s&rsquo;impose. C&rsquo;est dans cette optique que peuvent s&rsquo;interpr\u00e9ter certaines de nos rubriques (le b\u00eatisier en particulier). En fonction de nos disponibilit\u00e9s et de nos envies, nous mettons ces quelques pages \u00e0 disposition de tous, en esp\u00e9rant qu&rsquo;elles apportent des moments de d\u00e9tente ou des renseignements utiles aux uns et aux autres. Toutes ces consid\u00e9rations m\u00e9riteraient d&rsquo;\u00eatre plus longuement d\u00e9velopp\u00e9es. La place manque h\u00e9las ici. N&rsquo;h\u00e9sitez pas \u00e0 <a title=\"Nous contacter\" href=\"https:\/\/econoclaste.eu\/econoclaste\/?page_id=222\">nous contacter<\/a> pour nous faire part de vos remarques.<\/p>\n<p>L&rsquo;\u00e9quipe d&rsquo;\u00e9conoclaste<\/p>\n","protected":false},"excerpt":{"rendered":"<div class=\"mh-excerpt\"><p>Qui sommes nous ? Pourquoi ce site ?<\/p>\n<\/div>","protected":false},"author":1,"featured_media":34586,"parent":0,"menu_order":2,"comment_status":"closed","ping_status":"closed","template":"page0.php","meta":{"footnotes":""},"class_list":["post-9","page","type-page","status-publish","has-post-thumbnail","hentry"],"_links":{"self":[{"href":"https:\/\/econoclaste.eu\/econoclaste\/wp-json\/wp\/v2\/pages\/9","targetHints":{"allow":["GET"]}}],"collection":[{"href":"https:\/\/econoclaste.eu\/econoclaste\/wp-json\/wp\/v2\/pages"}],"about":[{"href":"https:\/\/econoclaste.eu\/econoclaste\/wp-json\/wp\/v2\/types\/page"}],"author":[{"embeddable":true,"href":"https:\/\/econoclaste.eu\/econoclaste\/wp-json\/wp\/v2\/users\/1"}],"replies":[{"embeddable":true,"href":"https:\/\/econoclaste.eu\/econoclaste\/wp-json\/wp\/v2\/comments?post=9"}],"version-history":[{"count":155,"href":"https:\/\/econoclaste.eu\/econoclaste\/wp-json\/wp\/v2\/pages\/9\/revisions"}],"predecessor-version":[{"id":155,"href":"https:\/\/econoclaste.eu\/econoclaste\/wp-json\/wp\/v2\/pages\/9\/revisions\/155"}],"wp:featuredmedia":[{"embeddable":true,"href":"https:\/\/econoclaste.eu\/econoclaste\/wp-json\/wp\/v2\/media\/34586"}],"wp:attachment":[{"href":"https:\/\/econoclaste.eu\/econoclaste\/wp-json\/wp\/v2\/media?parent=9"}],"curies":[{"name":"wp","href":"https:\/\/api.w.org\/{rel}","templated":true}]}}