{"id":62400,"date":"2018-11-05T00:25:07","date_gmt":"2018-11-04T23:25:07","guid":{"rendered":"http:\/\/econoclaste.eu\/econoclaste\/?page_id=62400"},"modified":"2018-11-05T16:28:18","modified_gmt":"2018-11-05T15:28:18","slug":"sur-dautres-sites","status":"publish","type":"page","link":"https:\/\/econoclaste.eu\/econoclaste\/sur-dautres-sites\/","title":{"rendered":"Sur d&rsquo;autres sites"},"content":{"rendered":"<p>Des liens en direct vers les publications de sites d&rsquo;information \u00e9conomique que nous utilisons r\u00e9guli\u00e8rement. En fran\u00e7ais et en anglais (et avec un peu de Breton).<\/p>\n<p>[wp-rss-aggregator limit=\u00a0\u00bb80&Prime;]<\/p>\n","protected":false},"excerpt":{"rendered":"<div class=\"mh-excerpt\"><p>Des liens en direct vers les publications de sites d&rsquo;information \u00e9conomique que nous utilisons r\u00e9guli\u00e8rement. En fran\u00e7ais et en anglais (et avec un peu de Breton).<\/p>\n<\/div>","protected":false},"author":2,"featured_media":64289,"parent":0,"menu_order":0,"comment_status":"closed","ping_status":"closed","template":"page0.php","meta":{"footnotes":""},"class_list":["post-62400","page","type-page","status-publish","has-post-thumbnail","hentry"],"_links":{"self":[{"href":"https:\/\/econoclaste.eu\/econoclaste\/wp-json\/wp\/v2\/pages\/62400","targetHints":{"allow":["GET"]}}],"collection":[{"href":"https:\/\/econoclaste.eu\/econoclaste\/wp-json\/wp\/v2\/pages"}],"about":[{"href":"https:\/\/econoclaste.eu\/econoclaste\/wp-json\/wp\/v2\/types\/page"}],"author":[{"embeddable":true,"href":"https:\/\/econoclaste.eu\/econoclaste\/wp-json\/wp\/v2\/users\/2"}],"replies":[{"embeddable":true,"href":"https:\/\/econoclaste.eu\/econoclaste\/wp-json\/wp\/v2\/comments?post=62400"}],"version-history":[{"count":19,"href":"https:\/\/econoclaste.eu\/econoclaste\/wp-json\/wp\/v2\/pages\/62400\/revisions"}],"predecessor-version":[{"id":64324,"href":"https:\/\/econoclaste.eu\/econoclaste\/wp-json\/wp\/v2\/pages\/62400\/revisions\/64324"}],"wp:featuredmedia":[{"embeddable":true,"href":"https:\/\/econoclaste.eu\/econoclaste\/wp-json\/wp\/v2\/media\/64289"}],"wp:attachment":[{"href":"https:\/\/econoclaste.eu\/econoclaste\/wp-json\/wp\/v2\/media?parent=62400"}],"curies":[{"name":"wp","href":"https:\/\/api.w.org\/{rel}","templated":true}]}}