{"id":4698,"date":"2013-11-19T00:25:56","date_gmt":"2013-11-18T23:25:56","guid":{"rendered":"http:\/\/econoclaste.eu\/econoclaste\/?page_id=4698"},"modified":"2025-03-06T21:29:07","modified_gmt":"2025-03-06T20:29:07","slug":"stephane-menia","status":"publish","type":"page","link":"https:\/\/econoclaste.eu\/econoclaste\/stephane-menia\/","title":{"rendered":"St\u00e9phane M\u00e9nia"},"content":{"rendered":"<p><span style=\"font-size: large; font-weight: bold;\">\u25ba Statut<\/span><\/p>\n<p>Cr\u00e9ateur et animateur actuel du site.<\/p>\n<p><span style=\"font-size: large; font-weight: bold;\">\u25ba Ce qu&rsquo;il fait ou a fait comme boulot (n&rsquo;inclut pas le travail au noir)<\/span><\/p>\n<p>A enseign\u00e9 dans toutes les classes de lyc\u00e9e o\u00f9 vous ne voudriez pas voir vos enfants. Il y a pire : enseigner \u00e0 des officiers de l&rsquo;\u00e9cole militaire \u00e0 Paris (\u00e7a, c&rsquo;\u00e9tait pendant <span style=\"text-decoration: line-through;\">la guerre<\/span> le service national).<br \/>\nActuellement : essaie de persuader des \u00e9tudiants de la fili\u00e8re d&rsquo;expertise comptable (DSCG) que l&rsquo;\u00e9conomie n&rsquo;est pas la science qui \u00e9tudie l&rsquo;opposition entre les gentils keyn\u00e9siens et les m\u00e9chants lib\u00e9raux. D&rsquo;autre part, il tente de convaincre le m\u00eame genre de victimes (DCG) qu&rsquo;\u00e9tudier les bases des syst\u00e8mes d&rsquo;information pourra leur servir, au moins pour \u00e9pater les nanas ou les bogosses. Globalement, c&rsquo;est un \u00e9chec. Fait aussi quelques trucs \u00e0 la fac (un peu d&rsquo;\u00e9conomie contemporaine, de th\u00e9orie de la gouvernance d&rsquo;entreprise et d&rsquo;\u00e9conomie industrielle).<\/p>\n<p><span style=\"font-size: large; font-weight: bold;\">\u25ba Ce qu&rsquo;il a fait \u00e0 l&rsquo;\u00e9cole (n&rsquo;inclut pas les ann\u00e9es de maternelle)<\/span><\/p>\n<p>\u25b8\u00c9cole Normale Sup\u00e9rieure de Cachan (Paris-Saclay)<br \/>\n\u25b8Agr\u00e9gation \u00e9conomie-gestion, option comptabilit\u00e9-finance<br \/>\n\u25b8DEA (Master) \u00e9conomie math\u00e9matique et \u00e9conom\u00e9trie (AMSE\/EHESS)<\/p>\n<p><span style=\"font-size: large; font-weight: bold;\">\u25ba Ce qui l&rsquo;int\u00e9resse (n&rsquo;inclut pas le sexe, l&rsquo;alcool et la drogue)<\/span><\/p>\n<p>Le sexe, l&rsquo;alcool et la drogue.<\/p>\n","protected":false},"excerpt":{"rendered":"<div class=\"mh-excerpt\"><p>\u25ba Statut Cr\u00e9ateur et animateur actuel du site. \u25ba Ce qu&rsquo;il fait ou a fait comme boulot (n&rsquo;inclut pas le travail au noir) A enseign\u00e9 dans toutes les classes de lyc\u00e9e o\u00f9 vous ne voudriez pas voir vos enfants. Il y a pire : enseigner \u00e0 des officiers de l&rsquo;\u00e9cole <a class=\"mh-excerpt-more\" href=\"https:\/\/econoclaste.eu\/econoclaste\/stephane-menia\/\" title=\"St\u00e9phane M\u00e9nia\">(Lire la suite&#8230;)<\/a><\/p>\n<\/div>","protected":false},"author":2,"featured_media":59424,"parent":0,"menu_order":0,"comment_status":"closed","ping_status":"closed","template":"page0.php","meta":{"footnotes":""},"class_list":["post-4698","page","type-page","status-publish","has-post-thumbnail","hentry"],"_links":{"self":[{"href":"https:\/\/econoclaste.eu\/econoclaste\/wp-json\/wp\/v2\/pages\/4698","targetHints":{"allow":["GET"]}}],"collection":[{"href":"https:\/\/econoclaste.eu\/econoclaste\/wp-json\/wp\/v2\/pages"}],"about":[{"href":"https:\/\/econoclaste.eu\/econoclaste\/wp-json\/wp\/v2\/types\/page"}],"author":[{"embeddable":true,"href":"https:\/\/econoclaste.eu\/econoclaste\/wp-json\/wp\/v2\/users\/2"}],"replies":[{"embeddable":true,"href":"https:\/\/econoclaste.eu\/econoclaste\/wp-json\/wp\/v2\/comments?post=4698"}],"version-history":[{"count":16,"href":"https:\/\/econoclaste.eu\/econoclaste\/wp-json\/wp\/v2\/pages\/4698\/revisions"}],"predecessor-version":[{"id":1480619,"href":"https:\/\/econoclaste.eu\/econoclaste\/wp-json\/wp\/v2\/pages\/4698\/revisions\/1480619"}],"wp:featuredmedia":[{"embeddable":true,"href":"https:\/\/econoclaste.eu\/econoclaste\/wp-json\/wp\/v2\/media\/59424"}],"wp:attachment":[{"href":"https:\/\/econoclaste.eu\/econoclaste\/wp-json\/wp\/v2\/media?parent=4698"}],"curies":[{"name":"wp","href":"https:\/\/api.w.org\/{rel}","templated":true}]}}