{"id":447,"date":"2013-11-08T20:48:28","date_gmt":"2013-11-08T19:48:28","guid":{"rendered":"http:\/\/econoclaste.eu\/econoclaste\/?page_id=447"},"modified":"2018-10-24T14:03:57","modified_gmt":"2018-10-24T13:03:57","slug":"licence-dutilisation-du-site","status":"publish","type":"page","link":"https:\/\/econoclaste.eu\/econoclaste\/licence-dutilisation-du-site\/","title":{"rendered":"Licence d&rsquo;utilisation du site"},"content":{"rendered":"<p><img loading=\"lazy\" decoding=\"async\" class=\"alignnone wp-image-13660\" src=\"https:\/\/econoclaste.eu\/econoclaste\/wp-content\/uploads\/2018\/09\/cc.png\" alt=\"\" width=\"300\" height=\"112\" \/><\/p>\n<p>Le contenu du site \u00e9conoclaste est mis \u00e0 disposition selon les termes de la <a href=\"http:\/\/creativecommons.org\/licenses\/by-nc-nd\/3.0\/deed.fr\" rel=\"license\">licence Creative Commons Attribution &#8211; Pas d\u2019utilisation Commerciale &#8211; Pas de Modification 3.0 non transpos\u00e9<\/a>.<br \/>\nLes autorisations au-del\u00e0 du champ de cette licence peuvent \u00eatre obtenues (si nous sommes d&rsquo;accord&#8230;) en <a href=\"https:\/\/econoclaste.eu\/econoclaste\/?page_id=222\">nous adressant un message priv\u00e9<\/a>. Merci de cliquer sur <a href=\"http:\/\/creativecommons.org\/licenses\/by-nc-nd\/3.0\/deed.fr\" rel=\"license\">ce lien <\/a> si vous ne comprenez pas tout ceci&#8230;<\/p>\n","protected":false},"excerpt":{"rendered":"<div class=\"mh-excerpt\"><p>Le contenu du site \u00e9conoclaste est mis \u00e0 disposition selon les termes de la licence Creative Commons Attribution &#8211; Pas d\u2019utilisation Commerciale &#8211; Pas de Modification 3.0 non transpos\u00e9. Les autorisations au-del\u00e0 du champ de cette licence peuvent \u00eatre obtenues (si nous sommes d&rsquo;accord&#8230;) en nous adressant un message priv\u00e9. <a class=\"mh-excerpt-more\" href=\"https:\/\/econoclaste.eu\/econoclaste\/licence-dutilisation-du-site\/\" title=\"Licence d&rsquo;utilisation du site\">(Lire la suite&#8230;)<\/a><\/p>\n<\/div>","protected":false},"author":1,"featured_media":0,"parent":0,"menu_order":0,"comment_status":"closed","ping_status":"closed","template":"page0.php","meta":{"footnotes":""},"class_list":["post-447","page","type-page","status-publish","hentry"],"_links":{"self":[{"href":"https:\/\/econoclaste.eu\/econoclaste\/wp-json\/wp\/v2\/pages\/447","targetHints":{"allow":["GET"]}}],"collection":[{"href":"https:\/\/econoclaste.eu\/econoclaste\/wp-json\/wp\/v2\/pages"}],"about":[{"href":"https:\/\/econoclaste.eu\/econoclaste\/wp-json\/wp\/v2\/types\/page"}],"author":[{"embeddable":true,"href":"https:\/\/econoclaste.eu\/econoclaste\/wp-json\/wp\/v2\/users\/1"}],"replies":[{"embeddable":true,"href":"https:\/\/econoclaste.eu\/econoclaste\/wp-json\/wp\/v2\/comments?post=447"}],"version-history":[{"count":16,"href":"https:\/\/econoclaste.eu\/econoclaste\/wp-json\/wp\/v2\/pages\/447\/revisions"}],"predecessor-version":[{"id":34735,"href":"https:\/\/econoclaste.eu\/econoclaste\/wp-json\/wp\/v2\/pages\/447\/revisions\/34735"}],"wp:attachment":[{"href":"https:\/\/econoclaste.eu\/econoclaste\/wp-json\/wp\/v2\/media?parent=447"}],"curies":[{"name":"wp","href":"https:\/\/api.w.org\/{rel}","templated":true}]}}