{"id":38,"date":"2013-10-31T01:36:37","date_gmt":"2013-10-31T00:36:37","guid":{"rendered":"http:\/\/econoclaste.eu\/econoclaste\/?page_id=38"},"modified":"2024-12-22T16:09:40","modified_gmt":"2024-12-22T15:09:40","slug":"larticle-de-la-semaine","status":"publish","type":"page","link":"https:\/\/econoclaste.eu\/econoclaste\/larticle-de-la-semaine\/","title":{"rendered":"L&rsquo;article de la semaine"},"content":{"rendered":"<p>Toutes les semaines (enfin, on essaie de le faire toutes les semaines&#8230;), vous pourrez retrouver ici un article (voire un livre, rapport, etc.) en ligne que nous aurons trouv\u00e9 int\u00e9ressant de mentionner. Les id\u00e9es exprim\u00e9es dans les articles pr\u00e9sent\u00e9s ne refl\u00e8tent pas n\u00e9cessairement notre point de vue. Cette semaine, nous vous proposons :<\/p>\n<p><a class='lien-noir texte-decale' href='https:\/\/www.strategie.gouv.fr\/sites\/strategie.gouv.fr\/files\/atoms\/files\/fs-2019-na74-reduire-depenses-publiques-gouardo-lenglart-janvier.pdf' target='_blank'><em>O\u00f9 r\u00e9duire le poids de la d\u00e9pense publique ?<\/em><\/a><span style='font-size: small; padding-left: 16px; display: inline-block;'>Christophe Gouardo, Fabrice Lenglart, Note d&#039;analyse France Strat\u00e9gie n\u00b074, 17 janvier 2019.<\/span><\/p>Vous pouvez \u00e9galement consulter l'<a title='Tous les articles de la semaine' href='http:\/\/econoclaste.eu\/econoclaste\/?page_id=306'>archive des articles de la semaine<\/a>. Il y a actuellement 263 articles r\u00e9pertori\u00e9s.\n","protected":false},"excerpt":{"rendered":"<div class=\"mh-excerpt\"><p>Chaque semaine (ou presque\u2026), nous vous signalons un article \u00e9conomique publi\u00e9 sur Internet digne d\u2019int\u00e9r\u00eat.<\/p>\n<\/div>","protected":false},"author":1,"featured_media":57173,"parent":0,"menu_order":13,"comment_status":"closed","ping_status":"closed","template":"page0.php","meta":{"footnotes":""},"class_list":["post-38","page","type-page","status-publish","has-post-thumbnail","hentry"],"_links":{"self":[{"href":"https:\/\/econoclaste.eu\/econoclaste\/wp-json\/wp\/v2\/pages\/38","targetHints":{"allow":["GET"]}}],"collection":[{"href":"https:\/\/econoclaste.eu\/econoclaste\/wp-json\/wp\/v2\/pages"}],"about":[{"href":"https:\/\/econoclaste.eu\/econoclaste\/wp-json\/wp\/v2\/types\/page"}],"author":[{"embeddable":true,"href":"https:\/\/econoclaste.eu\/econoclaste\/wp-json\/wp\/v2\/users\/1"}],"replies":[{"embeddable":true,"href":"https:\/\/econoclaste.eu\/econoclaste\/wp-json\/wp\/v2\/comments?post=38"}],"version-history":[{"count":41,"href":"https:\/\/econoclaste.eu\/econoclaste\/wp-json\/wp\/v2\/pages\/38\/revisions"}],"predecessor-version":[{"id":1480273,"href":"https:\/\/econoclaste.eu\/econoclaste\/wp-json\/wp\/v2\/pages\/38\/revisions\/1480273"}],"wp:featuredmedia":[{"embeddable":true,"href":"https:\/\/econoclaste.eu\/econoclaste\/wp-json\/wp\/v2\/media\/57173"}],"wp:attachment":[{"href":"https:\/\/econoclaste.eu\/econoclaste\/wp-json\/wp\/v2\/media?parent=38"}],"curies":[{"name":"wp","href":"https:\/\/api.w.org\/{rel}","templated":true}]}}