{"id":322,"date":"2013-11-06T15:10:43","date_gmt":"2013-11-06T14:10:43","guid":{"rendered":"http:\/\/econoclaste.eu\/econoclaste\/?page_id=322"},"modified":"2024-12-27T13:45:59","modified_gmt":"2024-12-27T12:45:59","slug":"la-boite-a-outils","status":"publish","type":"page","link":"https:\/\/econoclaste.eu\/econoclaste\/la-boite-a-outils\/","title":{"rendered":"La bo\u00eete \u00e0 outils"},"content":{"rendered":"\r\n<p>Vous trouverez ici diff\u00e9rentes ressources en \u00e9conomie.<\/p>\r\n\r\n<h5 class=\"lien-bleu\">Questions et r\u00e9ponses<\/h5>\r\n<p>\r\n    <a class=\"lien-noir\" title=\"Questions et r\u00e9ponses\" href=\"http:\/\/econoclaste.eu\/econoclaste\/?page_id=18\">\r\n        <span style=\"display: block; margin-left: 10px;\">\r\n            Des textes plus ou moins longs et plus ou moins techniques r\u00e9pondant \u00e0 des questions en \u00e9conomie. \r\n            Le tout class\u00e9 par th\u00e8mes. Il y a actuellement 94 r\u00e9ponses aux questions que vous vous posez.\r\n        <\/span>\r\n    <\/a>\r\n<\/p>\r\n\r\n<h5 class=\"lien-bleu\">Lexique d'\u00e9conomie<\/h5>\r\n<p>\r\n    <a class=\"lien-noir\" title=\"Lexique d\u2019\u00e9conomie\" href=\"http:\/\/econoclaste.eu\/econoclaste\/?page_id=26\">\r\n        <span style=\"display: block; margin-left: 10px;\">\r\n            Un lexique de termes \u00e9conomiques qui pourra \u00eatre utile dans de nombreux cas, largement mis \u00e0 jour et augment\u00e9 en octobre 2018. \r\n            Il y a actuellement 393 termes d\u00e9finis dans notre lexique.\r\n        <\/span>\r\n    <\/a>\r\n<\/p>\r\n\r\n<h5 class=\"lien-bleu\">Bibliographie<\/h5>\r\n<p>\r\n    <a class=\"lien-noir\" title=\"Bibliographie\" href=\"http:\/\/econoclaste.eu\/econoclaste\/?page_id=30\">\r\n        <span style=\"display: block; margin-left: 10px;\">\r\n            Une liste de r\u00e9f\u00e9rences en \u00e9conomie. \u00c0 prendre avec pr\u00e9caution. Elle n'a pas \u00e9t\u00e9 mise \u00e0 jour depuis tr\u00e8s longtemps. \r\n            Il y a actuellement 146 livres r\u00e9pertori\u00e9s dans la bibliographie.\r\n        <\/span>\r\n    <\/a>\r\n<\/p>\r\n\r\n<h5 class=\"lien-bleu\">Liens<\/h5>\r\n<p>\r\n    <a class=\"lien-noir\" title=\"Liens\" href=\"http:\/\/econoclaste.eu\/econoclaste\/?page_id=32\">\r\n        <span style=\"display: block; margin-left: 10px;\">\r\n            Une liste de liens vers des sites int\u00e9ressants en \u00e9conomie. Certains liens peuvent s'av\u00e9rer morts, dans la mesure o\u00f9 nous ne les contr\u00f4lons pas r\u00e9guli\u00e8rement. \r\n            Il y a actuellement 266 liens r\u00e9pertori\u00e9s sur cette page.\r\n        <\/span>\r\n    <\/a>\r\n<\/p>\r\n\n\n\n\n<p><\/p>\n","protected":false},"excerpt":{"rendered":"<div class=\"mh-excerpt\"><\/div>","protected":false},"author":1,"featured_media":59424,"parent":0,"menu_order":0,"comment_status":"closed","ping_status":"closed","template":"page0.php","meta":{"footnotes":""},"class_list":["post-322","page","type-page","status-publish","has-post-thumbnail","hentry"],"_links":{"self":[{"href":"https:\/\/econoclaste.eu\/econoclaste\/wp-json\/wp\/v2\/pages\/322","targetHints":{"allow":["GET"]}}],"collection":[{"href":"https:\/\/econoclaste.eu\/econoclaste\/wp-json\/wp\/v2\/pages"}],"about":[{"href":"https:\/\/econoclaste.eu\/econoclaste\/wp-json\/wp\/v2\/types\/page"}],"author":[{"embeddable":true,"href":"https:\/\/econoclaste.eu\/econoclaste\/wp-json\/wp\/v2\/users\/1"}],"replies":[{"embeddable":true,"href":"https:\/\/econoclaste.eu\/econoclaste\/wp-json\/wp\/v2\/comments?post=322"}],"version-history":[{"count":41,"href":"https:\/\/econoclaste.eu\/econoclaste\/wp-json\/wp\/v2\/pages\/322\/revisions"}],"predecessor-version":[{"id":1480534,"href":"https:\/\/econoclaste.eu\/econoclaste\/wp-json\/wp\/v2\/pages\/322\/revisions\/1480534"}],"wp:featuredmedia":[{"embeddable":true,"href":"https:\/\/econoclaste.eu\/econoclaste\/wp-json\/wp\/v2\/media\/59424"}],"wp:attachment":[{"href":"https:\/\/econoclaste.eu\/econoclaste\/wp-json\/wp\/v2\/media?parent=322"}],"curies":[{"name":"wp","href":"https:\/\/api.w.org\/{rel}","templated":true}]}}