{"id":285,"date":"2013-11-06T00:14:13","date_gmt":"2013-11-05T23:14:13","guid":{"rendered":"http:\/\/econoclaste.eu\/econoclaste\/?page_id=285"},"modified":"2024-12-27T14:00:34","modified_gmt":"2024-12-27T13:00:34","slug":"humour-deconomistes","status":"publish","type":"page","link":"https:\/\/econoclaste.eu\/econoclaste\/humour-deconomistes\/","title":{"rendered":"Humour d&rsquo;\u00e9conomistes"},"content":{"rendered":"\r\n<h5 class=\"lien-bleu\">\u00c9conosky<\/h5>\r\n<p>\r\n    <span style=\"display: block; margin-left: 10px;\">\r\n        <a class=\"lien-noir\" href=\"https:\/\/econoclaste.eu\/econoclaste\/econosky\/\" data-type=\"URL\" data-id=\"https:\/\/econoclaste.eu\/econoclaste\/econosky\/\">\r\n            Le seul mensuel d' \"information\" \u00e9conomique qui s'adapte \u00e0 l'\u00e9tat d'alcool\u00e9mie du monde. Et en rajoute une couche. \r\n            <em>\"Vous amenez le whisky, nous distillons l'info\"<\/em>. \r\n            Il y a actuellement 27 br\u00e8ves en sorties de f\u00fbt.\r\n        <\/a>\r\n    <\/span>\r\n<\/p>\r\n\r\n<h5 class=\"lien-bleu\">Blagues sur les \u00e9conomistes<\/h5>\r\n<p>\r\n    <span style=\"display: block; margin-left: 10px;\">\r\n        <a class=\"lien-noir\" href=\"https:\/\/econoclaste.eu\/econoclaste\/blagues-deconomistes\/\" data-type=\"URL\" data-id=\"https:\/\/econoclaste.eu\/econoclaste\/blagues-deconomistes\/\">\r\n            La plupart des ces blagues ont \u00e9t\u00e9 traduites de l'anglais. Beaucoup sont compr\u00e9hensibles par les non initi\u00e9s. D'autres sont plus \"pointues\". \r\n            Il y a actuellement 42 blagues \u00e0 lire sur cette page.\r\n        <\/a>\r\n    <\/span>\r\n<\/p>\r\n\r\n<h5 class=\"lien-bleu\">B\u00eatisier<\/h5>\r\n<p>\r\n    <span style=\"display: block; margin-left: 10px;\">\r\n        <a class=\"lien-noir\" href=\"http:\/\/econoclaste.eu\/econoclaste\/?page_id=28\" data-type=\"URL\" data-id=\"http:\/\/econoclaste.eu\/econoclaste\/?page_id=28\">\r\n            Une liste de propos plus ou moins stupides lus \u00e0 droite \u00e0 gauche au fil des ann\u00e9es. Nous n'avons pas mis \u00e0 jour cette page depuis longtemps. \r\n            Il y a actuellement 97 entr\u00e9es dans le b\u00eatisier.\r\n        <\/a>\r\n    <\/span>\r\n<\/p>\r\n\n","protected":false},"excerpt":{"rendered":"<div class=\"mh-excerpt\"><\/div>","protected":false},"author":1,"featured_media":59424,"parent":0,"menu_order":0,"comment_status":"closed","ping_status":"closed","template":"page0.php","meta":{"footnotes":""},"class_list":["post-285","page","type-page","status-publish","has-post-thumbnail","hentry"],"_links":{"self":[{"href":"https:\/\/econoclaste.eu\/econoclaste\/wp-json\/wp\/v2\/pages\/285","targetHints":{"allow":["GET"]}}],"collection":[{"href":"https:\/\/econoclaste.eu\/econoclaste\/wp-json\/wp\/v2\/pages"}],"about":[{"href":"https:\/\/econoclaste.eu\/econoclaste\/wp-json\/wp\/v2\/types\/page"}],"author":[{"embeddable":true,"href":"https:\/\/econoclaste.eu\/econoclaste\/wp-json\/wp\/v2\/users\/1"}],"replies":[{"embeddable":true,"href":"https:\/\/econoclaste.eu\/econoclaste\/wp-json\/wp\/v2\/comments?post=285"}],"version-history":[{"count":37,"href":"https:\/\/econoclaste.eu\/econoclaste\/wp-json\/wp\/v2\/pages\/285\/revisions"}],"predecessor-version":[{"id":1480538,"href":"https:\/\/econoclaste.eu\/econoclaste\/wp-json\/wp\/v2\/pages\/285\/revisions\/1480538"}],"wp:featuredmedia":[{"embeddable":true,"href":"https:\/\/econoclaste.eu\/econoclaste\/wp-json\/wp\/v2\/media\/59424"}],"wp:attachment":[{"href":"https:\/\/econoclaste.eu\/econoclaste\/wp-json\/wp\/v2\/media?parent=285"}],"curies":[{"name":"wp","href":"https:\/\/api.w.org\/{rel}","templated":true}]}}