{"id":174,"date":"2013-11-03T03:06:49","date_gmt":"2013-11-03T02:06:49","guid":{"rendered":"http:\/\/econoclaste.eu\/econoclaste\/?page_id=174"},"modified":"2018-10-16T20:44:21","modified_gmt":"2018-10-16T19:44:21","slug":"nos-phobies-economiques","status":"publish","type":"page","link":"https:\/\/econoclaste.eu\/econoclaste\/nos-livres-2\/nos-phobies-economiques\/","title":{"rendered":"Nos phobies \u00e9conomiques"},"content":{"rendered":"<p><i>Nos phobies \u00e9conomiques<\/i> est paru en 2010. Il n&rsquo;est plus \u00e9dit\u00e9 en version papier. Mais vous pouvez vous le procurer en version num\u00e9rique (si vous le voulez absolument en version papier vous pouvez l&rsquo;acheter d&rsquo;occase ou le voler \u00e0 un ami).<\/p>\n<p><img decoding=\"async\" class=\"alignleft\" style=\"border: 1px solid #D3D4D3; margin: 5px 10px 0px 0px;\" src=\"\/econoclaste\/wp-content\/uploads\/2013\/12\/phobies_small.jpg\" alt=\"couverture\" \/>Notre deuxi\u00e8me livre est sorti le 2 avril 2010. Nous nous y improvisons psys. Pour de faux, en vrai&#8230; Au commencement, nous avons cherch\u00e9 \u00e0 vulgariser des th\u00e8mes susceptibles d&rsquo;int\u00e9resser le grand public. Nous avions aussi en t\u00eate, apr\u00e8s <a title=\"Sexe, drogue\u2026 et \u00e9conomie\" href=\"https:\/\/econoclaste.eu\/econoclaste\/?page_id=163\"><em>Sexe, drogue et&#8230; \u00e9conomie<\/em><\/a> , livre plut\u00f4t descriptif, de donner des \u00ab\u00a0conseils de survie en \u00e9conomie de march\u00e9\u00a0\u00bb. Mais lorsque nous avons \u00e9tabli la premi\u00e8re liste de sujets \u00e0 traiter, nous avons constat\u00e9 qu&rsquo;ils nous ramenaient tous \u00e0 un th\u00e8me commun : la peur.<\/p>\n<p align=\"justify\">Et face \u00e0 la peur, que peut faire l&rsquo;\u00e9conomiste ? Dire que tout va pour le mieux dans le meilleur des mondes ? Qu&rsquo;au contraire, nous vivons la pire des \u00e9poques ? Ni l&rsquo;un ni l&rsquo;autre. Analyser les probl\u00e8mes avec le plus grand recul, sans les nier ni\u00a0 les exag\u00e9rer est une posture que l&rsquo;analyse \u00e9conomique permet de prendre sans difficult\u00e9s. Cependant, lorsqu&rsquo;on aborde les choses de la sorte, il devient impossible d&rsquo;achever syst\u00e9matiquement le raisonnement en donnant des cl\u00e9s de r\u00e9solution de nos probl\u00e8mes, \u00e0 moins d&rsquo;\u00eatre un charlatan. Il demeure pourtant possible d&rsquo;att\u00e9nuer les peurs \u00e9conomiques. La peur provient en partie de l&rsquo;incompr\u00e9hension. Comprendre ce qui nous effraie est d\u00e9j\u00e0 un pas vers la s\u00e9r\u00e9nit\u00e9. C&rsquo;est la premi\u00e8re chose que les gens qui entreprennent une psychoth\u00e9rapie font ou essaient de faire.<\/p>\n<p align=\"justify\">On attend souvent de l&rsquo;\u00e9conomie qu&rsquo;elle soit avant tout prescriptive et pr\u00e9dictive. Ce qui conduit \u00e0 nombre de frustrations. Dans cet ouvrage, nous voulions dire notre conviction que l&rsquo;explication des ph\u00e9nom\u00e8nes \u00e9conomiques est un pr\u00e9alable indispensable pour que les dirigeants prennent des d\u00e9cisions adapt\u00e9es, face \u00e0 un public \u00e9clair\u00e9 et d\u00e9barrass\u00e9, autant que peut se faire, de ses angoisses.<\/p>\n<h3><span style=\"font-size: large;\">Pr\u00e9sentation de l&rsquo;\u00e9diteur<\/span><\/h3>\n<p align=\"justify\">Pouvoir d&rsquo;achat, ch\u00f4mage, \u00e9pid\u00e9mies, d\u00e9penses de sant\u00e9, r\u00e9chauffement climatique&#8230; Nos sujets d&rsquo;inqui\u00e9tude \u00e9conomique ne manquent pas\u00a0! Alexandre Delaigue et St\u00e9phane M\u00e9nia, auteurs de <em>Sexe, drogue et \u00e9conomie<\/em>,\u00a0r\u00e9cidivent avec ce livre tout aussi iconoclaste et s&rsquo;appuient sur les travaux les plus r\u00e9cents des \u00e9conomistes pour ausculter nos pr\u00e9occupations contemporaines. Nous conviant \u00e0 une v\u00e9ritable th\u00e9rapie, ils posent en filigrane cette question\u00a0: le th\u00e9\u00e2tre s\u00e9curitaire auquel se livrent nos dirigeants de tout poil ne contribue-t-il pas \u00e0 renforcer nos peurs plut\u00f4t qu&rsquo;\u00e0 les apaiser\u00a0?<\/p>\n<h3 align=\"justify\"><span style=\"font-size: large;\">Sommaire<\/span><\/h3>\n<p align=\"justify\">Introduction : l&rsquo;\u00e9conomie sur le divan (<a href=\"http:\/\/econo.free.fr\/livre\/phobies_intro.pdf\">fichier PDF<\/a>)<\/p>\n<p align=\"justify\">1. Mon pouvoir d&rsquo;achat s&rsquo;est volatilis\u00e9<br \/>\n2. Redevenir pauvre ?<br \/>\n3. Me soigner devient un luxe<br \/>\n4. Les virus auront ma peau<br \/>\n5. Ch\u00f4meur ou d\u00e9pressif<br \/>\n6. Les \u00e9trangers vont d\u00e9ferler chez moi<br \/>\n7. Le gratuit, c&rsquo;est louche !<br \/>\n8. Les banquiers me ruineront<\/p>\n<p align=\"justify\">Conclusion : nos phobies \u00e9conomiques, ou comment s&rsquo;en d\u00e9barrasser<\/p>\n","protected":false},"excerpt":{"rendered":"<div class=\"mh-excerpt\"><p>Nos phobies \u00e9conomiques est paru en 2010. Il n&rsquo;est plus \u00e9dit\u00e9 en version papier. Mais vous pouvez vous le procurer en version num\u00e9rique (si vous le voulez absolument en version papier vous pouvez l&rsquo;acheter d&rsquo;occase ou le voler \u00e0 un ami). Notre deuxi\u00e8me livre est sorti le 2 avril 2010. <a class=\"mh-excerpt-more\" href=\"https:\/\/econoclaste.eu\/econoclaste\/nos-livres-2\/nos-phobies-economiques\/\" title=\"Nos phobies \u00e9conomiques\">(Lire la suite&#8230;)<\/a><\/p>\n<\/div>","protected":false},"author":1,"featured_media":0,"parent":11,"menu_order":0,"comment_status":"closed","ping_status":"closed","template":"","meta":{"footnotes":""},"class_list":["post-174","page","type-page","status-publish","hentry"],"_links":{"self":[{"href":"https:\/\/econoclaste.eu\/econoclaste\/wp-json\/wp\/v2\/pages\/174","targetHints":{"allow":["GET"]}}],"collection":[{"href":"https:\/\/econoclaste.eu\/econoclaste\/wp-json\/wp\/v2\/pages"}],"about":[{"href":"https:\/\/econoclaste.eu\/econoclaste\/wp-json\/wp\/v2\/types\/page"}],"author":[{"embeddable":true,"href":"https:\/\/econoclaste.eu\/econoclaste\/wp-json\/wp\/v2\/users\/1"}],"replies":[{"embeddable":true,"href":"https:\/\/econoclaste.eu\/econoclaste\/wp-json\/wp\/v2\/comments?post=174"}],"version-history":[{"count":18,"href":"https:\/\/econoclaste.eu\/econoclaste\/wp-json\/wp\/v2\/pages\/174\/revisions"}],"predecessor-version":[{"id":20455,"href":"https:\/\/econoclaste.eu\/econoclaste\/wp-json\/wp\/v2\/pages\/174\/revisions\/20455"}],"up":[{"embeddable":true,"href":"https:\/\/econoclaste.eu\/econoclaste\/wp-json\/wp\/v2\/pages\/11"}],"wp:attachment":[{"href":"https:\/\/econoclaste.eu\/econoclaste\/wp-json\/wp\/v2\/media?parent=174"}],"curies":[{"name":"wp","href":"https:\/\/api.w.org\/{rel}","templated":true}]}}