{"id":163,"date":"2013-11-03T02:30:53","date_gmt":"2013-11-03T01:30:53","guid":{"rendered":"http:\/\/econoclaste.eu\/econoclaste\/?page_id=163"},"modified":"2018-10-16T20:49:52","modified_gmt":"2018-10-16T19:49:52","slug":"sexe-drogue-et-economie","status":"publish","type":"page","link":"https:\/\/econoclaste.eu\/econoclaste\/nos-livres-2\/sexe-drogue-et-economie\/","title":{"rendered":"Sexe, drogue&#8230; et \u00e9conomie"},"content":{"rendered":"<p><i>Sexe, drogue&#8230; et \u00e9conomie<\/i> est paru en 2008. Il a \u00e9t\u00e9 r\u00e9\u00e9dit\u00e9 en 2013 (vachement moins cher, achetez-le). Vous trouverez toutes les informations utiles le concernant sur cette page.<\/p>\n<p><img decoding=\"async\" class=\"alignleft\" style=\"height: 250px; border: 1px solid #D3D4D3; margin: 5px 10px 0px 0px;\" src=\"\/econoclaste\/wp-content\/uploads\/2013\/12\/sde_small.jpg\" alt=\"couverture\" \/>Quand nous avons d\u00e9but\u00e9 la r\u00e9daction de cet ouvrage, nous savions parfaitement de quoi nous allions parler, ce qui est plut\u00f4t un bon d\u00e9part, c&rsquo;est vrai. Depuis des ann\u00e9es, sur ce site, nous abordons des sujets vari\u00e9s, avec comme objectifs de vulgariser au mieux les travaux des \u00e9conomistes qui offrent une grille de lecture de probl\u00e8mes le plus souvent en rapport avec les d\u00e9bat publics. Les 24 chapitres reprennent certains th\u00e8mes d\u00e9j\u00e0 abord\u00e9s sur le site, le blog notamment, en les prolongeant. Cet ouvrage ne comprend pas de copier-coller sauvage de pages enti\u00e8res d\u00e9j\u00e0 publi\u00e9es sur le site&#8230; Certains sujets n&rsquo;ont jamais \u00e9t\u00e9 abord\u00e9s ou tr\u00e8s peu. Bref, nous ne nous sommes pas content\u00e9s d&rsquo;agrafer quelques textes assembl\u00e9s \u00e0 la va-vite&#8230; Nous avons prolong\u00e9 notre fa\u00e7on de travailler en profitant du fait que ce que le temps internet ne nous permettait pas\u00a0de faire, celui d&rsquo;une r\u00e9daction d&rsquo;ouvrage le rendait possible.<\/p>\n<p align=\"justify\">N\u00e9anmoins, si le contenu ne posait gu\u00e8re de probl\u00e8me, nous n&rsquo;avions pas pleinement formalis\u00e9 le message global \u00e0 faire passer. Au fil de la r\u00e9daction de l&rsquo;ouvrage, il s&rsquo;est av\u00e9r\u00e9 que trois id\u00e9es force \u00e9mergeaient :<br \/>\n&#8211; l&rsquo;\u00e9conomie n&rsquo;est pas une discipline ennuyeuse, born\u00e9e par des sujets ne pr\u00e9occupant en priorit\u00e9 que les experts et grands ce monde. Elle traite aussi du quotidien des gens et il n&rsquo;y a pas de raison pour que le public ne comprenne pas ses ressorts \u00e9l\u00e9mentaires, dans un cadre ludique, qui plus est ;<br \/>\n&#8211; la science \u00e9conomique est d\u00e9rangeante, en ce sens qu&rsquo;elle d\u00e9bouche sur des r\u00e9sultats souvent contre-intuitifs ou s&rsquo;aventure sur des terrains qui sont suppos\u00e9s relever d&rsquo;autres domaines de r\u00e9flexion, alors m\u00eame que l&rsquo;\u00e9conomie dispose d&rsquo;outils int\u00e9ressants pour les aborder, souvent aux c\u00f4t\u00e9s d&rsquo;autres sciences sociales ;<br \/>\n&#8211; le public ne sait pas vraiment, au moins en France, quel est le travail quotidien des \u00e9conomistes. Il ignore largement les th\u00e8mes de recherche qui comptent pour la discipline et ont une id\u00e9e assez p\u00e9rim\u00e9e des d\u00e9bats qui l&rsquo;agitent, restant bien trop scotch\u00e9s sur des oppositions qui n&rsquo;en sont plus pour les professionnels.<br \/>\nD&rsquo;o\u00f9 le plan retenu pour le livre, bas\u00e9 sur l&rsquo;id\u00e9e (\u00e0 peine exag\u00e9r\u00e9e) que le lecteur\u00a0ne se fera pas que des amis s&rsquo;il d\u00e9cide de reprendre \u00e0 son compte les analyses et la fa\u00e7on de penser des \u00e9conomistes sur des sujets aussi vari\u00e9s que l&rsquo;existence de l&rsquo;Union europ\u00e9enne, la criminalit\u00e9, la polygamie ou l&rsquo;\u00e9ducation. L&rsquo;\u00e9conomie, malgr\u00e9 elle, peut \u00eatre vue comme une science involontaire de la provocation, l\u00e0 o\u00f9 son image usuelle est celle d&rsquo;une id\u00e9ologie conservatrice, port\u00e9e par des individus aussi ternes que le gris de leurs costumes.<br \/>\nNous esp\u00e9rons que ce livre vous permettra de passer un moment agr\u00e9able et instructif.<\/p>\n<p align=\"justify\">Alexandre Delaigue et St\u00e9phane M\u00e9nia<\/p>\n<h3>Pr\u00e9sentation de l&rsquo;\u00e9diteur<\/h3>\n<p align=\"justify\">Vous pensez que votre vie priv\u00e9e ne regarde que vous\u00a0? D\u00e9trompez-vous\u00a0! Aujourd&rsquo;hui, les \u00e9conomistes sont partout\u00a0: sexualit\u00e9, drogue, \u00e9ducation, mondes virtuels, environnement, bonheur, autant de sujets sur lesquels ils se penchent avec le plus grand int\u00e9r\u00eat, d\u00e9cryptant les comportements, analysant les interactions. Leurs conclusions peuvent d\u00e9ranger\u00a0: ainsi, on d\u00e9couvre dans ce livre que la polygamie offre de nombreux avantages et qu\u2019elle serait favorable aux femmes\u00a0; ou que l\u2019interdiction de fumer dans les lieux publics ne diminue pas le nombre de cancers du poumon. Et ce n\u2019est pas tout\u00a0! Si l\u2019on se tourne vers des sujets plus classiques de l\u2019\u00e9conomie, qu\u2019il s\u2019agisse de la dette publique, des grandes institutions internationales ou de la corruption, on s\u2019aper\u00e7oit que leurs r\u00e9flexions vont toujours \u00e0 l\u2019encontre de ce que l\u2019on attend d\u2019eux. L\u2019\u00e9conomie serait-elle devenue un nouvel art de la provocation\u00a0?<\/p>\n<p>En fait, ce qu\u2019il faut comprendre c\u2019est que les \u00e9conomistes ont profond\u00e9ment chang\u00e9 depuis quelques d\u00e9cennies. Apr\u00e8s l\u2019\u00e2ge d\u2019or de l\u2019apr\u00e8s-guerre qui a vu le triomphe des th\u00e9ories keyn\u00e9siennes avec une croissance et un emploi au plus haut, les ann\u00e9es 70 furent bien cruelles. Inflation et ch\u00f4mage se mirent \u00e0 cro\u00eetre de concert, les pays pauvres all\u00e8rent de crise financi\u00e8re en crise financi\u00e8res et toutes les pr\u00e9visions \u00e9conomiques se virent r\u00e9guli\u00e8rement d\u00e9menties. Qu\u2019ont fait les \u00e9conomistes\u00a0? Ils se sont enferm\u00e9s dans leurs laboratoires et plut\u00f4t que d\u2019essayer de changer le monde ils se sont efforc\u00e9s de le comprendre. Aujourd\u2019hui, ceux qui sont le plus consid\u00e9r\u00e9s par leurs pairs sont de parfaits inconnus pour le grand public. Et ils ont compl\u00e8tement r\u00e9volutionn\u00e9 leur science\u00a0: ils se sont mis \u00e0 \u00e9tudier le comportement des gens, ont profit\u00e9 de l\u2019essor des nouvelles technologies et des outils math\u00e9matiques, et appliqu\u00e9 leurs nouveaux outils \u00e0 des sujets sur lesquels on ne les attendait pas. Avec une pr\u00e9occupation unique\u00a0: v\u00e9rifier que les choix r\u00e9alis\u00e9s correspondent \u00e0 la meilleure affectation possible des ressources. C\u2019est ce regard froid et bien \u00e9loign\u00e9 des consid\u00e9rations bien pensantes qui peut d\u00e9ranger.<\/p>\n<p>Avec talent et humour, Alexandre Delaigue et St\u00e9phane M\u00e9nia poursuivent ici le travail qu\u2019ils ont entrepris sur leur blog il y a sept ans pour vulgariser les travaux les plus sophistiqu\u00e9s des \u00e9conomistes et les rendre accessibles \u00e0 un public large (D. Kahneman sur la psychologie, R. Easterlin sur le bonheur, G. Becker sur la criminalit\u00e9)). Iconoclaste et instructif, ce livre pr\u00e9sente leurs raisonnements et conclusions sur 24 sujets contemporains. Pour tous ceux qui veulent comprendre ce qu\u2019est l\u2019\u00e9conomie aujourd\u2019hui et \u00e0 quoi elle sert.<\/p>\n<h3>Sommaire<\/h3>\n<div align=\"justify\">\n<h5><a href=\"http:\/\/econo.free.fr\/livre\/introsde.pdf\" target=\"_blank\" rel=\"noopener\">Introduction : L&rsquo;\u00e9conomie, une nouvelle science de la provocation ? (int\u00e9grale en PDF)<\/a><\/h5>\n<p><strong> Scandaliser sa belle-m\u00e8re (et tout individu du troisi\u00e8me \u00e2ge)<\/strong><br \/>\n01. La polygamie, pensez-y\u2026<br \/>\n02. Il faut laisser fumer les gens dans les lieux publics<br \/>\n03. Les \u00e9conomistes aiment les sujets bizarres<br \/>\n04. On apprend des choses \u00e0 l&rsquo;\u00e9cole<\/p>\n<p><strong>\u00catre interdit \u00e0 la t\u00e9l\u00e9vision (sauf chez Ardisson)<\/strong><br \/>\n05. La dette publique est un faux probl\u00e8me<br \/>\n06. Les pr\u00e9visions des \u00e9conomistes sont nulles (et c\u2019est normal)<br \/>\n07. Le r\u00e9chauffement climatique, \u00e7a va durer<br \/>\n08. Voter, quelle \u00e9trange id\u00e9e\u2026<\/p>\n<p><strong>Plomber l\u2019ambiance \u00e0 l\u2019ap\u00e9ro (voire au digestif)<\/strong><br \/>\n09. Les fran\u00e7ais sont nuls en \u00e9conomie<br \/>\n10. Les riches sont des fain\u00e9ants comme les autres<br \/>\n11. Faire payer le pigeon est excellent<br \/>\n12. C\u2019est votre faute si se loger co\u00fbte cher<\/p>\n<p><strong>Se faire expulser de Davos (ou de Porto Alegre)<\/strong><br \/>\n13. L\u2019UE est une affaire mal engag\u00e9e<br \/>\n14. L\u2019OMC, le FMI et la banque mondiale ne servent \u00e0 rien.<br \/>\n15. Les maisons de disque et les laboratoires pharmaceutiques sont des petits malins<br \/>\n<a href=\"http:\/\/econo.free.fr\/livre\/sdech16corruptionextrait.pdf\">16. La corruption, c\u2019est comme les imp\u00f4ts (extrait en PDF)<\/a><\/p>\n<p><strong>Rendre son psy compl\u00e8tement fou (ou encore plus qu\u2019avant)<\/strong><br \/>\n17. Le bonheur est une question \u00e9conomique<br \/>\n18. Je vis dans une \u00e9conomie virtuelle<br \/>\n19. \u00catre rationnel est humain<br \/>\n20. Les gens sont des sages hyst\u00e9riques<\/p>\n<p><strong>Finir sa vie tout seul (ou avec un caniche)<\/strong><br \/>\n21. La publicit\u00e9 n\u2019est pas nuisible<br \/>\n22. Patrick Juvet conna\u00eet l\u2019\u00e9conomie<br \/>\n23. Les \u00e9conomistes ne votent pas (tous) \u00e0 droite<br \/>\n24. Il faut indemniser les chauffeurs de taxi<\/p>\n<\/div>\n<p><strong>Conclusion. Si, par hasard, il vous reste encore quelques amis\u2026<\/strong><\/p>\n<h3>Quelques avis (forc\u00e9ment \u00e9clair\u00e9s) sur le livre<\/h3>\n<p><i>\u00ab\u00a0(&#8230;) Au moment o\u00f9 la finance est d\u00e9peinte comme folle, Sexe, drogue&#8230; et \u00e9conomie donne avec humour l&rsquo;id\u00e9e rassurante que les analyses rationnelles existent, toutes surprenantes qu&rsquo;elles puissent \u00eatre, m\u00eame si elles n&rsquo;atteignent jamais les plateaux de t\u00e9l\u00e9vision (&#8230;)\u00a0\u00bb<\/i> Sylvain Lapoix, Marianne2.fr<\/p>\n<p><i>\u00ab\u00a0(&#8230;) une lecture plaisante et instructive sur une discipline qu&rsquo;on surnomme \u00e0 tort, depuis Thomas Carlyle, la \u00ab science lugubre \u00bb.(&#8230;)\u00a0\u00bb<\/i> G\u00e9rard Moatti, Les \u00e9chos.<\/p>\n<p><i>\u00ab\u00a0(&#8230;) un vrai r\u00e9gal. Sur chaque sujet, les auteurs associent syst\u00e9matiquement une connaissance approfondie des th\u00e9ories \u00e9conomiques et de la litt\u00e9rature la plus r\u00e9cente avec une plume grand public tr\u00e8s rare parmi les \u00e9conomistes professionnels. Avec \u00e0 chaque fois des conclusions prudentes et nuanc\u00e9es sur les probl\u00e8mes pos\u00e9s. Bref une lecture \u00e0 la fois utile et tr\u00e8s accessible pour ceux qui s&rsquo;int\u00e9ressent \u00e0 l&rsquo;\u00e9conomie r\u00e9elle au-del\u00e0 des \u00e9quations (&#8230;)\u00a0\u00bb<\/i> Guillaume Duval, Alternatives \u00e9conomiques.<\/p>\n<p><i>\u00ab\u00a0(&#8230;) Tr\u00e8s s\u00e9rieux. Et dr\u00f4le en plus de \u00e7a. (&#8230;) Un peu provoc, mais jamais sans fondement. En vingt-quatre \u00ab le\u00e7ons d&rsquo;\u00e9conomie contemporaine \u00bb, empruntant parfois aux travaux d&rsquo;\u00e9conomistes renomm\u00e9s, les auteurs valsent de sujets l\u00e9gers en sujets plus complexes. (&#8230;) Apr\u00e8s sa lecture, vous n&rsquo;\u00e9couterez plus les propos de madame Lagarde de la m\u00eame oreille&#8230;\u00a0\u00bb<\/i> Carine Janin, Ouest-France<\/p>\n<p><i>\u00ab\u00a0(&#8230;) Stimulant, le livre se penche sur les march\u00e9s de la drogue, du sexe, du crime, du bonheur, mais aussi du march\u00e9 politique. Et de conclure qu&rsquo;avec un regard froid et rationnel, l&rsquo;\u00e9conomiste renouvelle les id\u00e9es sur notre soci\u00e9t\u00e9, avec des r\u00e9ponses souvent d\u00e9rangeantes. (&#8230;)\u00a0\u00bb<\/i> La Tribune, 14\/11\/08.<\/p>\n<p><i>\u00ab\u00a0(&#8230;) S\u2019il est une chose que l\u2019on comprend gr\u00e2ce \u00e0 ce livre d\u00e9licieux qu\u2019est Sexe, drogue\u2026 et \u00e9conomie et \u00e0 ses deux malicieux auteurs, c\u2019est que l\u2019\u00e9conomiste est un animal \u00e0 sang froid et que c\u2019est son inestimable qualit\u00e9 dans notre monde en surchauffe. (&#8230;)\u00a0\u00bb<\/i> Arnaud Gonzague, Terra Economica<\/p>\n","protected":false},"excerpt":{"rendered":"<div class=\"mh-excerpt\"><p>Sexe, drogue&#8230; et \u00e9conomie est paru en 2008. Il a \u00e9t\u00e9 r\u00e9\u00e9dit\u00e9 en 2013 (vachement moins cher, achetez-le). Vous trouverez toutes les informations utiles le concernant sur cette page. Quand nous avons d\u00e9but\u00e9 la r\u00e9daction de cet ouvrage, nous savions parfaitement de quoi nous allions parler, ce qui est plut\u00f4t <a class=\"mh-excerpt-more\" href=\"https:\/\/econoclaste.eu\/econoclaste\/nos-livres-2\/sexe-drogue-et-economie\/\" title=\"Sexe, drogue&#8230; et \u00e9conomie\">(Lire la suite&#8230;)<\/a><\/p>\n<\/div>","protected":false},"author":1,"featured_media":0,"parent":11,"menu_order":0,"comment_status":"closed","ping_status":"closed","template":"","meta":{"footnotes":""},"class_list":["post-163","page","type-page","status-publish","hentry"],"_links":{"self":[{"href":"https:\/\/econoclaste.eu\/econoclaste\/wp-json\/wp\/v2\/pages\/163","targetHints":{"allow":["GET"]}}],"collection":[{"href":"https:\/\/econoclaste.eu\/econoclaste\/wp-json\/wp\/v2\/pages"}],"about":[{"href":"https:\/\/econoclaste.eu\/econoclaste\/wp-json\/wp\/v2\/types\/page"}],"author":[{"embeddable":true,"href":"https:\/\/econoclaste.eu\/econoclaste\/wp-json\/wp\/v2\/users\/1"}],"replies":[{"embeddable":true,"href":"https:\/\/econoclaste.eu\/econoclaste\/wp-json\/wp\/v2\/comments?post=163"}],"version-history":[{"count":25,"href":"https:\/\/econoclaste.eu\/econoclaste\/wp-json\/wp\/v2\/pages\/163\/revisions"}],"predecessor-version":[{"id":20480,"href":"https:\/\/econoclaste.eu\/econoclaste\/wp-json\/wp\/v2\/pages\/163\/revisions\/20480"}],"up":[{"embeddable":true,"href":"https:\/\/econoclaste.eu\/econoclaste\/wp-json\/wp\/v2\/pages\/11"}],"wp:attachment":[{"href":"https:\/\/econoclaste.eu\/econoclaste\/wp-json\/wp\/v2\/media?parent=163"}],"curies":[{"name":"wp","href":"https:\/\/api.w.org\/{rel}","templated":true}]}}