{"id":1480625,"date":"2025-10-03T18:41:14","date_gmt":"2025-10-03T17:41:14","guid":{"rendered":"https:\/\/econoclaste.eu\/econoclaste\/?page_id=1480625"},"modified":"2025-10-06T16:18:36","modified_gmt":"2025-10-06T15:18:36","slug":"les-ecorruptibles","status":"publish","type":"page","link":"https:\/\/econoclaste.eu\/econoclaste\/les-ecorruptibles\/","title":{"rendered":"Les \u00e9corruptibles"},"content":{"rendered":"<p><img loading=\"lazy\" decoding=\"async\" class=\"aligncenter size-full wp-image-1480627\" src=\"https:\/\/econoclaste.eu\/econoclaste\/wp-content\/uploads\/2025\/10\/banniere_ecorruptibles-1.jpg\" alt=\"\" width=\"1022\" height=\"571\" srcset=\"https:\/\/econoclaste.eu\/econoclaste\/wp-content\/uploads\/2025\/10\/banniere_ecorruptibles-1.jpg 1022w, https:\/\/econoclaste.eu\/econoclaste\/wp-content\/uploads\/2025\/10\/banniere_ecorruptibles-1-300x168.jpg 300w, https:\/\/econoclaste.eu\/econoclaste\/wp-content\/uploads\/2025\/10\/banniere_ecorruptibles-1-768x429.jpg 768w\" sizes=\"auto, (max-width: 1022px) 100vw, 1022px\" \/><\/p>\n<p><em>Les \u00e9corruptibles<\/em> est notre podcast audio, naturellement consacr\u00e9 \u00e0 l&rsquo;\u00e9conomie.<br \/>\nIl est diffus\u00e9 une fois par mois.<br \/>\nIl est h\u00e9berg\u00e9 par Spotify et vous pouvez l&rsquo;\u00e9couter gratuitement en suivant <a href=\"https:\/\/open.spotify.com\/show\/1hL1OMECFkeuqA2qnjTNv8\" target=\"_blank\" rel=\"noopener\">ce lien<\/a>.<br \/>\nVous pouvez y acc\u00e9der sur une autre plateforme (Apple Podcasts, Deezer, etc.) en copiant <a href=\"https:\/\/anchor.fm\/s\/10832a7e0\/podcast\/rss\">ce lien RSS<\/a> et en l&rsquo;int\u00e9grant \u00e0 votre application de podcast habituelle.<br \/>\nPour Deezer sp\u00e9cifiquement, suivez <a href=\"https:\/\/www.deezer.com\/fr\/show\/1002263921\" target=\"_blank\" rel=\"noopener\">ce lien<\/a>.<br \/>\nPour Apple podcasts, suivez <a href=\"https:\/\/podcasts.apple.com\/fr\/podcast\/les-%C3%A9corruptibles\/id1844383546\" target=\"_blank\" rel=\"noopener\">ce lien<\/a>.<br \/>\nVous trouverez sur notre site <a href=\"https:\/\/econoclaste.eu\/econoclaste\/categorie\/ecorruptibles\/\" target=\"_blank\" rel=\"noopener\">une fiche de chaque \u00e9pisode<\/a>, contenant un lecteur int\u00e9gr\u00e9 permettant d&rsquo;\u00e9couter le podcast sur notre site, diverses informations, dont les r\u00e9f\u00e9rences \u00e9voqu\u00e9es durant l&rsquo;\u00e9mission.<\/p>\n","protected":false},"excerpt":{"rendered":"<div class=\"mh-excerpt\"><p>Les \u00e9corruptibles est notre podcast audio, naturellement consacr\u00e9 \u00e0 l&rsquo;\u00e9conomie. Il est diffus\u00e9 une fois par mois. Il est h\u00e9berg\u00e9 par Spotify et vous pouvez l&rsquo;\u00e9couter gratuitement en suivant ce lien. Vous pouvez y acc\u00e9der sur une autre plateforme (Apple Podcasts, Deezer, etc.) en copiant ce lien RSS et en <a class=\"mh-excerpt-more\" href=\"https:\/\/econoclaste.eu\/econoclaste\/les-ecorruptibles\/\" title=\"Les \u00e9corruptibles\">(Lire la suite&#8230;)<\/a><\/p>\n<\/div>","protected":false},"author":2,"featured_media":1480627,"parent":0,"menu_order":0,"comment_status":"closed","ping_status":"closed","template":"","meta":{"footnotes":""},"class_list":["post-1480625","page","type-page","status-publish","has-post-thumbnail","hentry"],"_links":{"self":[{"href":"https:\/\/econoclaste.eu\/econoclaste\/wp-json\/wp\/v2\/pages\/1480625","targetHints":{"allow":["GET"]}}],"collection":[{"href":"https:\/\/econoclaste.eu\/econoclaste\/wp-json\/wp\/v2\/pages"}],"about":[{"href":"https:\/\/econoclaste.eu\/econoclaste\/wp-json\/wp\/v2\/types\/page"}],"author":[{"embeddable":true,"href":"https:\/\/econoclaste.eu\/econoclaste\/wp-json\/wp\/v2\/users\/2"}],"replies":[{"embeddable":true,"href":"https:\/\/econoclaste.eu\/econoclaste\/wp-json\/wp\/v2\/comments?post=1480625"}],"version-history":[{"count":8,"href":"https:\/\/econoclaste.eu\/econoclaste\/wp-json\/wp\/v2\/pages\/1480625\/revisions"}],"predecessor-version":[{"id":1480658,"href":"https:\/\/econoclaste.eu\/econoclaste\/wp-json\/wp\/v2\/pages\/1480625\/revisions\/1480658"}],"wp:featuredmedia":[{"embeddable":true,"href":"https:\/\/econoclaste.eu\/econoclaste\/wp-json\/wp\/v2\/media\/1480627"}],"wp:attachment":[{"href":"https:\/\/econoclaste.eu\/econoclaste\/wp-json\/wp\/v2\/media?parent=1480625"}],"curies":[{"name":"wp","href":"https:\/\/api.w.org\/{rel}","templated":true}]}}