{"id":12638,"date":"2015-06-24T14:09:13","date_gmt":"2015-06-24T13:09:13","guid":{"rendered":"http:\/\/econoclaste.eu\/econoclaste\/?page_id=12638"},"modified":"2018-09-16T19:03:17","modified_gmt":"2018-09-16T18:03:17","slug":"trois-debats-economiques-2","status":"publish","type":"page","link":"https:\/\/econoclaste.eu\/econoclaste\/nos-livres-2\/trois-debats-economiques-2\/","title":{"rendered":"Trois d\u00e9bats \u00e9conomiques"},"content":{"rendered":"<p align=\"justify\"><img decoding=\"async\" class=\"alignleft\" style=\"border: 1px solid #D3D4D3; margin: 5px 10px 0px 0px;\" src=\"\/econoclaste\/wp-content\/uploads\/2015\/06\/couve3DE.jpg\" alt=\"3DE\" \/><\/p>\n<p><em>Trois d\u00e9bats \u00e9conomiques<\/em> est sorti (exclusivement) en version num\u00e9rique le 2 juillet 2015. il s&rsquo;agit d&rsquo;une synth\u00e8se sur les trois sujets importants pour le d\u00e9bat public fran\u00e7ais que sont le ch\u00f4mage, la d\u00e9sindustrialisation et la dette publique. Sur la base de questions et r\u00e9ponses, il donne au lecteur un large aper\u00e7u de ce que l&rsquo;on peut faire de l&rsquo;analyse \u00e9conomique pour mieux comprendre ces enjeux. J&rsquo;ai mis tout plein de statistiques dedans. Les r\u00e9f\u00e9rences et informations sont syst\u00e9matiquement (ou presque) les toutes derni\u00e8res connues (fin juin 2015). Le choix du support num\u00e9rique rel\u00e8ve d&rsquo;une exp\u00e9rimentation personnelle. Mais le lecteur peut \u00eatre rassur\u00e9 : le soin qui a \u00e9t\u00e9 apport\u00e9 \u00e0 la r\u00e9daction de l&rsquo;ouvrage est le m\u00eame que celui dont un livre papier aurait b\u00e9n\u00e9fici\u00e9 (probablement m\u00eame plus que pour un certain nombre de livres traditionnels en vente libre&#8230;). Vous trouverez sur cette page des liens vers ma pr\u00e9face au livre, la table des mati\u00e8res et la bibliographie. L&rsquo;ouvrage est <a href=\"http:\/\/www.amazon.fr\/Trois-d%C3%A9bats-%C3%A9conomiques-d%C3%A9sindustrialisation-publiques-ebook\/dp\/B010RHMUSU\/ref=sr_1_1?ie=UTF8&amp;qid=1435820864&amp;sr=8-1&amp;keywords=trois+d%C3%A9bats+%C3%A9conomiques\" target=\"_blank\" rel=\"noopener\">en vente sur Amazon<\/a>, au format Kindle (j&rsquo;ai retenu l&rsquo;option sans DRM, histoire que vous puissiez le lire comme vous voulez ou le pr\u00eater \u00e0 votre belle-m\u00e8re pour partir le lire en maillot de bain \u00e0 Juan-les-Pins). Au prix de<del> 1,99\u20ac<\/del> <del>2,99\u20ac [J&rsquo;ai d\u00fb le modifier &#8211; lire ici pour <a href=\"https:\/\/econoclaste.eu\/econoclaste\/?p=12664\" target=\"_blank\" rel=\"noopener\">en savoir un peu plus<\/a>]<\/del> gratuit depuis le 09\/02\/2018 (\u00e0 <a href=\"http:\/\/econoclaste.eu\/docs\/3DE290615.pdf\" target=\"_blank\" rel=\"noopener\">t\u00e9l\u00e9charger ici<\/a>). Il n&rsquo;y a pas de pagination pour une version num\u00e9rique, donc impossible de vous donner le poids du b\u00e9b\u00e9 en pages. N\u00e9anmoins, pour les techniciens : le bouquin fait aux alentours de 200 000 caract\u00e8res (hors espaces), ce qui fait environ 130 pages sous Word (avec marges \u00e0 4&#215;2,5cm et police calibri 12 points). Amazon estime que c&rsquo;est un \u00e9quivalent de 169 pages en version papier. Je sais que le choix d&rsquo;Amazon Kindle suscitera des critiques. Mais pour une premi\u00e8re, j&rsquo;ai opt\u00e9 pour une forme de facilit\u00e9 qui, je l&rsquo;esp\u00e8re, ne vous \u00e9nervera pas trop&#8230;<\/p>\n<p>St\u00e9phane M\u00e9nia<\/p>\n<p>La pr\u00e9face de l&rsquo;auteur (<a href=\"https:\/\/econoclaste.eu\/econoclaste\/wp-content\/uploads\/2015\/06\/pref3de.pdf\" target=\"_blank\" rel=\"noopener\">fichier pdf<\/a>)<br \/>\nLa table des mati\u00e8res (<a href=\"https:\/\/econoclaste.eu\/econoclaste\/wp-content\/uploads\/2015\/06\/toc3de.pdf\" target=\"_blank\" rel=\"noopener\">fichier pdf<\/a>)<br \/>\nLa bibliographie du livre (<a href=\"https:\/\/econoclaste.eu\/econoclaste\/wp-content\/uploads\/2015\/06\/bib3de.pdf\" target=\"_blank\" rel=\"noopener\">fichier pdf<\/a>)<br \/>\nDonn\u00e9es du livre (<a href=\"https:\/\/econoclaste.eu\/econoclaste\/wp-content\/uploads\/2015\/08\/stats3de.zip\" target=\"_blank\" rel=\"noopener\">fichiers Excel zipp\u00e9s<\/a>)<\/p>\n<p>Pour l&rsquo;acheter sur Amazon, <a href=\"http:\/\/www.amazon.fr\/Trois-d%C3%A9bats-%C3%A9conomiques-d%C3%A9sindustrialisation-publiques-ebook\/dp\/B010RHMUSU\/ref=sr_1_1?ie=UTF8&amp;qid=1435820864&amp;sr=8-1&amp;keywords=trois+d%C3%A9bats+%C3%A9conomiques\" target=\"_blank\" rel=\"noopener\">c&rsquo;est ici<\/a>. Le livre est disponible sur tous les sites Amazon, quel que soit votre pays.<\/p>\n<p>Pour lire cet ouvrage, vous avez besoin soit d&rsquo;une liseuse Kindle, soit de l&rsquo;application Kindle, disponible gratuitement sous les syst\u00e8mes d&rsquo;exploitation les plus courants :<\/p>\n<p>Kindle <a href=\"http:\/\/www.amazon.fr\/kindlepcdownload\/ref=klp_win\" target=\"_blank\" rel=\"noopener\">pour PC<\/a> (Windows Store)<br \/>\nKindle <a href=\"https:\/\/itunes.apple.com\/fr\/app\/kindle-lire-des-livres-des\/id302584613?mt=8\" target=\"_blank\" rel=\"noopener\">pour iOS<\/a> (Itunes)<br \/>\nKindle <a href=\"https:\/\/play.google.com\/store\/apps\/details?id=com.amazon.kindle&amp;hl=fr\" target=\"_blank\" rel=\"noopener\">pour Android<\/a> (sur Google Play)<\/p>\n<p>Pour ceux qui utilisent Linux, je pense que vous vous d\u00e9brouillerez tr\u00e8s bien pour arriver \u00e0 lire l&rsquo;ouvrage sans mes conseils ;-).<br \/>\nPour ceux qui utilisent une liseuse autre qu&rsquo;un Kindle (ou voudraient imprimer le document), il vous faudra r\u00e9aliser une petite manip \u00e0 partir du logiciel de conversion de ebooks Calibre.<br \/>\nPour cela, vous devez t\u00e9l\u00e9charger sur Amazon le livre \u00e0 partir de votre application PC ou Mac. Ensuite, vous r\u00e9cup\u00e9rerez le fichier dans le r\u00e9pertoire o\u00f9 l&rsquo;application Kindle le stocke. Vous le convertirez ensuite sous Calibre dans le format qui vous convient le mieux. Il vous suffit ensuite de le transf\u00e9rer sur votre liseuse. L&rsquo;op\u00e9ration n&rsquo;est pas tr\u00e8s complexe. <a href=\"https:\/\/benjamin.sonntag.fr\/Comment-convertir-vos-fichiers-Kindle-en-ePub-et-enlever\" target=\"_blank\" rel=\"noopener\">Cette page<\/a> vous explique la d\u00e9marche pas \u00e0 pas. Normalement, vous n&rsquo;avez pas \u00e0 utiliser le logiciel destin\u00e9 \u00e0 faire sauter les restrictions d&rsquo;utilisation num\u00e9rique, puisque mon livre est d\u00e9j\u00e0 sans DRM.<\/p>\n<p>Derni\u00e8re chose : vous pouvez avoir une version du livre sur chaque appareil que vous utilisez et donc passer librement de l&rsquo;un \u00e0 l&rsquo;autre.<\/p>\n","protected":false},"excerpt":{"rendered":"<div class=\"mh-excerpt\"><p>Trois d\u00e9bats \u00e9conomiques est sorti (exclusivement) en version num\u00e9rique le 2 juillet 2015. il s&rsquo;agit d&rsquo;une synth\u00e8se sur les trois sujets importants pour le d\u00e9bat public fran\u00e7ais que sont le ch\u00f4mage, la d\u00e9sindustrialisation et la dette publique. Sur la base de questions et r\u00e9ponses, il donne au lecteur un large <a class=\"mh-excerpt-more\" href=\"https:\/\/econoclaste.eu\/econoclaste\/nos-livres-2\/trois-debats-economiques-2\/\" title=\"Trois d\u00e9bats \u00e9conomiques\">(Lire la suite&#8230;)<\/a><\/p>\n<\/div>","protected":false},"author":2,"featured_media":12646,"parent":11,"menu_order":0,"comment_status":"open","ping_status":"closed","template":"","meta":{"footnotes":""},"class_list":["post-12638","page","type-page","status-publish","has-post-thumbnail","hentry"],"_links":{"self":[{"href":"https:\/\/econoclaste.eu\/econoclaste\/wp-json\/wp\/v2\/pages\/12638","targetHints":{"allow":["GET"]}}],"collection":[{"href":"https:\/\/econoclaste.eu\/econoclaste\/wp-json\/wp\/v2\/pages"}],"about":[{"href":"https:\/\/econoclaste.eu\/econoclaste\/wp-json\/wp\/v2\/types\/page"}],"author":[{"embeddable":true,"href":"https:\/\/econoclaste.eu\/econoclaste\/wp-json\/wp\/v2\/users\/2"}],"replies":[{"embeddable":true,"href":"https:\/\/econoclaste.eu\/econoclaste\/wp-json\/wp\/v2\/comments?post=12638"}],"version-history":[{"count":22,"href":"https:\/\/econoclaste.eu\/econoclaste\/wp-json\/wp\/v2\/pages\/12638\/revisions"}],"predecessor-version":[{"id":14671,"href":"https:\/\/econoclaste.eu\/econoclaste\/wp-json\/wp\/v2\/pages\/12638\/revisions\/14671"}],"up":[{"embeddable":true,"href":"https:\/\/econoclaste.eu\/econoclaste\/wp-json\/wp\/v2\/pages\/11"}],"wp:featuredmedia":[{"embeddable":true,"href":"https:\/\/econoclaste.eu\/econoclaste\/wp-json\/wp\/v2\/media\/12646"}],"wp:attachment":[{"href":"https:\/\/econoclaste.eu\/econoclaste\/wp-json\/wp\/v2\/media?parent=12638"}],"curies":[{"name":"wp","href":"https:\/\/api.w.org\/{rel}","templated":true}]}}