{"id":11,"date":"2013-10-31T00:50:20","date_gmt":"2013-10-30T23:50:20","guid":{"rendered":"http:\/\/econoclaste.eu\/econoclaste\/?page_id=11"},"modified":"2024-12-29T23:58:42","modified_gmt":"2024-12-29T22:58:42","slug":"nos-livres-2","status":"publish","type":"page","link":"https:\/\/econoclaste.eu\/econoclaste\/nos-livres-2\/","title":{"rendered":"Nos livres"},"content":{"rendered":"<p>Nous avons \u00e9crits quelques livres. Ensemble, ou s\u00e9par\u00e9ment.<\/p>\n<p><strong>Co-\u00e9crits ensemble<\/strong><\/p>\n<p><em>Sexe, drogue\u2026 et \u00e9conomie<\/em>, \u00e9ditions Pearson, 2008.<br \/>\n<a style=\"font-size: small;\" href=\"https:\/\/econoclaste.eu\/econoclaste\/?page_id=163\">En savoir plus.<\/a><\/p>\n<p><em>Nos phobies \u00e9conomiques<\/em>, \u00e9ditions Pearson, 2010.<br \/>\n<a style=\"font-size: small;\" href=\"https:\/\/econoclaste.eu\/econoclaste\/?page_id=174\">En savoir plus<\/a>.<\/p>\n<p><em>\u00c9conomie des comportements individuels, <\/em>Atlande, 2022.<br \/>\n<font size=\"2\">  (Avec Corentin Pr\u00e9pin-Thomas)<\/font><br \/>\n<a style=\"font-size: small;\" href=\"https:\/\/econoclaste.eu\/econoclaste\/nos-livres-2\/economie-des-comportements-individuels\">En savoir plus<\/a>.<\/p>\n<p><strong>Alexandre Delaigue<\/strong><\/p>\n<p><em>O\u00f9 sont-ils ? les extraterrestres et le paradoxe de Fermi<\/em>, \u00e9ditions du CNRS, 2017.<br \/>\n<a style=\"font-size: small;\" href=\"https:\/\/econoclaste.eu\/econoclaste\/?p=13206\">En savoir plus.<\/a><\/p>\n<p><strong>St\u00e9phane M\u00e9nia<\/strong><\/p>\n<p><em>Trois d\u00e9bats \u00e9conomiques<\/em>, \u00e9dimy, 2015.<br \/>\n<a style=\"font-size: small;\" href=\"https:\/\/econoclaste.eu\/econoclaste\/?page_id=12638\">En savoir plus.<\/a><\/p>\n","protected":false},"excerpt":{"rendered":"<div class=\"mh-excerpt\"><p>Nous avons \u00e9crits quelques livres. Ensemble, ou s\u00e9par\u00e9ment. Co-\u00e9crits ensemble Sexe, drogue\u2026 et \u00e9conomie, \u00e9ditions Pearson, 2008. En savoir plus. Nos phobies \u00e9conomiques, \u00e9ditions Pearson, 2010. En savoir plus. \u00c9conomie des comportements individuels, Atlande, 2022. (Avec Corentin Pr\u00e9pin-Thomas) En savoir plus. Alexandre Delaigue O\u00f9 sont-ils ? les extraterrestres et le <a class=\"mh-excerpt-more\" href=\"https:\/\/econoclaste.eu\/econoclaste\/nos-livres-2\/\" title=\"Nos livres\">(Lire la suite&#8230;)<\/a><\/p>\n<\/div>","protected":false},"author":1,"featured_media":59424,"parent":0,"menu_order":3,"comment_status":"closed","ping_status":"closed","template":"page0.php","meta":{"footnotes":""},"class_list":["post-11","page","type-page","status-publish","has-post-thumbnail","hentry"],"_links":{"self":[{"href":"https:\/\/econoclaste.eu\/econoclaste\/wp-json\/wp\/v2\/pages\/11","targetHints":{"allow":["GET"]}}],"collection":[{"href":"https:\/\/econoclaste.eu\/econoclaste\/wp-json\/wp\/v2\/pages"}],"about":[{"href":"https:\/\/econoclaste.eu\/econoclaste\/wp-json\/wp\/v2\/types\/page"}],"author":[{"embeddable":true,"href":"https:\/\/econoclaste.eu\/econoclaste\/wp-json\/wp\/v2\/users\/1"}],"replies":[{"embeddable":true,"href":"https:\/\/econoclaste.eu\/econoclaste\/wp-json\/wp\/v2\/comments?post=11"}],"version-history":[{"count":143,"href":"https:\/\/econoclaste.eu\/econoclaste\/wp-json\/wp\/v2\/pages\/11\/revisions"}],"predecessor-version":[{"id":1480601,"href":"https:\/\/econoclaste.eu\/econoclaste\/wp-json\/wp\/v2\/pages\/11\/revisions\/1480601"}],"wp:featuredmedia":[{"embeddable":true,"href":"https:\/\/econoclaste.eu\/econoclaste\/wp-json\/wp\/v2\/media\/59424"}],"wp:attachment":[{"href":"https:\/\/econoclaste.eu\/econoclaste\/wp-json\/wp\/v2\/media?parent=11"}],"curies":[{"name":"wp","href":"https:\/\/api.w.org\/{rel}","templated":true}]}}